{"id":456,"date":"2022-05-11T15:46:45","date_gmt":"2022-05-11T13:46:45","guid":{"rendered":"https:\/\/www.excelson.com\/\/impressum\/"},"modified":"2022-08-08T15:26:46","modified_gmt":"2022-08-08T13:26:46","slug":"impressum","status":"publish","type":"page","link":"https:\/\/www.excelson.com\/de\/impressum\/","title":{"rendered":"Rechtliche Hinweise"},"content":{"rendered":"<p class=\"card-title mbr-bold mbr-fonts-style display-7\"><strong>Hinweis f\u00fcr die Nutzung der Website der Exelson AG<br \/>\nwww.excelson.com<\/strong><\/p>\n<p class=\"card-text mbr-fonts-style mbr-pt-2 display-7\"><strong>\u00a9 Copyright<br \/>\n<\/strong>Der Inhalt der Website der Excelson AG, im Folgenden Betreiber bezeichnet, ist durch geistige Eigentumsrechte gesch\u00fctzt.<\/p>\n<p><strong>Cookies<\/strong><br \/>\nWenn Sie einen Kommentar auf unserer Seite abgeben, wird Ihnen angeboten, Ihren Namen, Ihre E-Mail-Adresse und Ihren Standort in Cookies zu speichern. Dies dient lediglich Ihrer Bequemlichkeit, damit Sie diese Informationen nicht eingeben m\u00fcssen, wenn Sie sp\u00e4ter einen weiteren Kommentar abgeben. Diese Cookies laufen nach einem Jahr ab.<br \/>\nWenn Sie die Anmeldeseite aufrufen, wird ein tempor\u00e4res Cookie erstellt, um festzustellen, ob Ihr Browser Cookies akzeptiert. Sie enth\u00e4lt keine pers\u00f6nlichen Daten und wird automatisch gel\u00f6scht, wenn Sie Ihren Browser schlie\u00dfen.<br \/>\nWenn Sie sich anmelden, werden wir eine Reihe von Cookies setzen, um Ihre Anmeldeinformationen und Bildschirmeinstellungen zu speichern. Die Lebensdauer eines Anmelde-Cookies betr\u00e4gt zwei Tage, die eines Bildschirmoptions-Cookies ein Jahr. Wenn Sie &#8222;An mich erinnern&#8220; ankreuzen, wird Ihr Anmelde-Cookie zwei Wochen lang gespeichert. Wenn Sie sich von Ihrem Konto abmelden, wird das Anmelde-Cookie gel\u00f6scht.<br \/>\nWenn Sie einen Beitrag bearbeiten oder ver\u00f6ffentlichen, wird ein zus\u00e4tzliches Cookie in Ihrem Browser gespeichert. Dieses Cookie enth\u00e4lt keine personenbezogenen Daten. Er gibt lediglich die ID des Beitrags an, den Sie gerade bearbeitet haben. Er l\u00e4uft nach einem Tag ab.<\/p>\n<p><strong>Haftungsausschluss<br \/>\n<\/strong>Der Inhalt dieser Website wird mit Sorgfalt aufbereitet. Dennoch \u00fcbernimmt der Betreiber keine Verantwortung f\u00fcr die Verf\u00fcgbarkeit und Richtigkeit des Inhalts. Der Betreiber beh\u00e4lt sich das Recht vor, den Inhalt jederzeit zu \u00e4ndern und\/oder den Zugang zur Website zu sperren.<\/p>\n<p><strong>Links und eingebettete Inhalte<br \/>\n<\/strong>Im Sinne einer Dienstleistung kann der Betreiber Links zu externen Seiten setzen, die Dritten geh\u00f6ren und von diesen verwaltet werden. F\u00fcr den Inhalt der verlinkten Seiten sind die Betreiber der jeweiligen Seiten verantwortlich. Ein Verweis (Link) bedeutet auch nicht, dass der Betreiber mit dem Inhalt der verlinkten Seite einverstanden ist.<br \/>\nDie Artikel auf dieser Website k\u00f6nnen eingebettete Inhalte enthalten (z. B. Videos, Bilder, Artikel &#8230;). Inhalte, die von anderen Websites eingebunden werden, verhalten sich so, als w\u00fcrde der Besucher diese andere Website besuchen.<br \/>\nDiese Websites k\u00f6nnten Daten \u00fcber Sie sammeln, Cookies verwenden, Tracking-Tools von Drittanbietern einbetten, Ihre Interaktionen mit diesen eingebetteten Inhalten verfolgen, wenn Sie ein eingeloggtes Konto auf ihrer Website haben.<\/p>\n<p><strong>Verantwortlich f\u00fcr die Website<\/strong><br \/>\nExcelson AG<br \/>\nRoute du Bugnonet 31<br \/>\n1728 Rossens<\/p>\n<p><strong>Konzept und Realisation<br \/>\n<\/strong>Up to you<br \/>\nRoute du Petit-Moncor 1A<br \/>\n1752 Villars-sur-Gl\u00e2ne<br \/>\n<a href=\"tel:+41263214037\">+41 26 321 40 37<\/a><br \/>\n<a href=\"mailto:info@up-to-you.ch\">info@up-to-you.ch<\/a><\/p>\n<p class=\"card-text mbr-fonts-style mbr-pt-2 display-7\">\n","protected":false},"excerpt":{"rendered":"<p>Hinweis f\u00fcr die Nutzung der Website der Exelson AG www.excelson.com \u00a9 Copyright Der Inhalt der Website der Excelson AG, im Folgenden Betreiber bezeichnet, ist durch geistige Eigentumsrechte gesch\u00fctzt. Cookies Wenn Sie einen Kommentar auf unserer Seite abgeben, wird Ihnen angeboten, Ihren Namen, Ihre E-Mail-Adresse und Ihren Standort in Cookies zu speichern. Dies dient lediglich Ihrer [&hellip;]<\/p>\n","protected":false},"author":2,"featured_media":0,"parent":0,"menu_order":0,"comment_status":"closed","ping_status":"closed","template":"","meta":{"_seopress_robots_primary_cat":"","footnotes":""},"class_list":["post-456","page","type-page","status-publish","hentry"],"acf":[],"_links":{"self":[{"href":"https:\/\/www.excelson.com\/de\/wp-json\/wp\/v2\/pages\/456","targetHints":{"allow":["GET"]}}],"collection":[{"href":"https:\/\/www.excelson.com\/de\/wp-json\/wp\/v2\/pages"}],"about":[{"href":"https:\/\/www.excelson.com\/de\/wp-json\/wp\/v2\/types\/page"}],"author":[{"embeddable":true,"href":"https:\/\/www.excelson.com\/de\/wp-json\/wp\/v2\/users\/2"}],"replies":[{"embeddable":true,"href":"https:\/\/www.excelson.com\/de\/wp-json\/wp\/v2\/comments?post=456"}],"version-history":[{"count":2,"href":"https:\/\/www.excelson.com\/de\/wp-json\/wp\/v2\/pages\/456\/revisions"}],"predecessor-version":[{"id":989,"href":"https:\/\/www.excelson.com\/de\/wp-json\/wp\/v2\/pages\/456\/revisions\/989"}],"wp:attachment":[{"href":"https:\/\/www.excelson.com\/de\/wp-json\/wp\/v2\/media?parent=456"}],"curies":[{"name":"wp","href":"https:\/\/api.w.org\/{rel}","templated":true}]}}